{"id":1494,"date":"2025-11-10T13:15:27","date_gmt":"2025-11-10T13:15:27","guid":{"rendered":"https:\/\/papacko.com\/?post_type=product&#038;p=1494"},"modified":"2025-11-20T15:15:28","modified_gmt":"2025-11-20T15:15:28","slug":"paper-cup-holders","status":"publish","type":"product","link":"https:\/\/papacko.com\/ar\/product\/paper-cup-holders\/","title":{"rendered":"\u062d\u0627\u0645\u0644\u0627\u062a \u0627\u0644\u0623\u0643\u0648\u0627\u0628 \u0627\u0644\u0648\u0631\u0642\u064a\u0629 - \u0633\u0644\u0633\u0644\u0629 \u0628\u0627\u0628\u0643\u0648"},"content":{"rendered":"<div style=\"padding: 0 5vw; max-width: 1300px; margin: 0 auto; font-family: system-ui,Arial; font-size: 17px; line-height: 1.9; color: #111;\">\n<p><!-- ===== Overview ===== --><\/p>\n<section id=\"overview\" style=\"padding: 48px 0;\">\n<h1 style=\"color: #67b437; font-size: 32px; margin-bottom: 16px;\">\u062d\u0627\u0645\u0644\u0627\u062a \u0627\u0644\u0623\u0643\u0648\u0627\u0628 \u0627\u0644\u0648\u0631\u0642\u064a\u0629 - \u0633\u0644\u0633\u0644\u0629 \u0628\u0627\u0628\u0643\u0648<\/h1>\n<p><strong>\u062d\u0627\u0645\u0644\u0627\u062a \u0627\u0644\u0623\u0643\u0648\u0627\u0628 \u0627\u0644\u0648\u0631\u0642\u064a\u0629 Papacko<\/strong> \u0647\u064a \u0635\u0648\u0627\u0646\u064a \u0645\u062a\u064a\u0646\u0629 \u0644\u062d\u0645\u0644 \u0627\u0644\u0645\u0634\u0631\u0648\u0628\u0627\u062a \u0645\u0635\u0645\u0645\u0629 \u0644\u062a\u0642\u062f\u064a\u0645 \u062e\u062f\u0645\u0629 \u0622\u0645\u0646\u0629 \u0648\u0645\u0631\u064a\u062d\u0629 \u0644\u0644\u0648\u062c\u0628\u0627\u062a \u0627\u0644\u062c\u0627\u0647\u0632\u0629. \u0635\u064f\u0646\u0639\u062a \u0647\u0630\u0647 \u0627\u0644\u062d\u0648\u0627\u0645\u0644 \u0645\u0646 \u0648\u0631\u0642 \u0627\u0644\u0643\u0631\u0627\u0641\u062a \u0627\u0644\u0645\u0635\u0628\u0648\u0628 \u0648\u0642\u0635\u0628 \u0642\u0635\u0628 \u0627\u0644\u0633\u0643\u0631\u060c \u0648\u0647\u064a \u0645\u0635\u0646\u0648\u0639\u0629 \u0645\u0646 \u0648\u0631\u0642 \u0627\u0644\u0643\u0631\u0627\u0641\u062a \u0627\u0644\u0645\u0635\u0628\u0648\u0628 \u0648\u0642\u0635\u0628 \u0627\u0644\u0633\u0643\u0631\u060c \u0648\u062a\u062f\u0639\u0645 \u0647\u0630\u0647 \u0627\u0644\u062d\u0648\u0627\u0645\u0644 \u0627\u0644\u062a\u0634\u0643\u064a\u0644\u0627\u062a \u0627\u0644\u0641\u0631\u062f\u064a\u0629 \u0648\u0627\u0644\u0645\u0632\u062f\u0648\u062c\u0629 \u0648\u0627\u0644\u0623\u0631\u0628\u0639\u0629 \u0623\u0643\u0648\u0627\u0628\u060c \u0645\u0645\u0627 \u064a\u0633\u0627\u0639\u062f \u0627\u0644\u0628\u0627\u0631\u064a\u0633\u062a\u0627 \u0648\u0641\u0631\u0642 \u0627\u0644\u062a\u0648\u0635\u064a\u0644 \u0639\u0644\u0649 \u0646\u0642\u0644 \u0627\u0644\u0645\u0634\u0631\u0648\u0628\u0627\u062a \u062f\u0648\u0646 \u0627\u0646\u0633\u0643\u0627\u0628.<\/p>\n<p>\u062a\u064f\u0639\u062f \u0645\u062c\u0645\u0648\u0639\u0629 \u062d\u0648\u0627\u0645\u0644 Papacko \u0645\u062b\u0627\u0644\u064a\u0629 \u0644\u0644\u0645\u0642\u0627\u0647\u064a \u0648\u0633\u0644\u0627\u0633\u0644 \u0627\u0644\u0645\u0642\u0627\u0647\u064a \u0648\u0633\u0644\u0627\u0633\u0644 \u0627\u0644\u0645\u0642\u0627\u0647\u064a \u0648\u0645\u0637\u0627\u0639\u0645 \u0627\u0644\u0648\u062c\u0628\u0627\u062a \u0627\u0644\u0633\u0631\u064a\u0639\u0629 \u0648\u0645\u0646\u0635\u0627\u062a \u0627\u0644\u062a\u0648\u0635\u064a\u0644 \u0627\u0644\u062a\u064a \u062a\u062a\u0637\u0644\u0639 \u0625\u0644\u0649 \u062a\u0631\u0642\u064a\u0629 \u0645\u0644\u062d\u0642\u0627\u062a \u0627\u0644\u062a\u063a\u0644\u064a\u0641 \u0627\u0644\u062e\u0627\u0635\u0629 \u0628\u0647\u0627 \u0628\u0641\u0636\u0644 \u062a\u0635\u0645\u064a\u0645\u0647\u0627 \u0627\u0644\u0642\u0627\u0628\u0644 \u0644\u0644\u062a\u0643\u062f\u064a\u0633 \u0648\u062c\u0648\u062f\u062a\u0647\u0627 \u0627\u0644\u0645\u062a\u0633\u0642\u0629 \u0648\u0645\u0648\u0627\u062f\u0647\u0627 \u0627\u0644\u0635\u062f\u064a\u0642\u0629 \u0644\u0644\u0628\u064a\u0626\u0629.<\/p>\n<\/section>\n<p><!-- ===== Key Features ===== --><\/p>\n<section id=\"features\" style=\"padding: 48px 0;\">\n<h2 style=\"color: #67b437; font-size: 28px; margin-bottom: 12px;\">\u0627\u0644\u0645\u064a\u0632\u0627\u062a \u0627\u0644\u0631\u0626\u064a\u0633\u064a\u0629<\/h2>\n<ul style=\"columns: 2; -webkit-columns: 2; -moz-columns: 2; list-style: disc; padding-left: 24px;\">\n<li>\u062e\u064a\u0627\u0631\u0627\u062a \u0627\u0644\u062d\u0627\u0645\u0644 \u0627\u0644\u0641\u0631\u062f\u064a \u0648\u0627\u0644\u0645\u0632\u062f\u0648\u062c \u0648\u0627\u0644\u0623\u0631\u0628\u0639\u0629 \u0623\u0643\u0648\u0627\u0628<\/li>\n<li>\u0647\u064a\u0643\u0644 \u0645\u0642\u0648\u0644\u0628 \u0642\u0648\u064a \u0644\u062f\u0639\u0645 \u0627\u0644\u0643\u0648\u0628 \u0627\u0644\u062b\u0627\u0628\u062a<\/li>\n<li>\u0645\u0648\u0627\u062f \u0648\u0631\u0642 \u0627\u0644\u0643\u0631\u0627\u0641\u062a \u0648\u062a\u0641\u0644 \u0642\u0635\u0628 \u0627\u0644\u0633\u0643\u0631<\/li>\n<li>\u0645\u0646\u0627\u0633\u0628\u0629 \u0644\u0623\u0643\u0648\u0627\u0628 \u0627\u0644\u0645\u0634\u0631\u0648\u0628\u0627\u062a \u0627\u0644\u0633\u0627\u062e\u0646\u0629 \u0648\u0627\u0644\u0628\u0627\u0631\u062f\u0629<\/li>\n<li>\u062a\u0635\u0645\u064a\u0645 \u0642\u0627\u0628\u0644 \u0644\u0644\u062a\u0643\u062f\u064a\u0633 \u0644\u0644\u062a\u062e\u0632\u064a\u0646 \u0627\u0644\u0641\u0639\u0627\u0644<\/li>\n<li>\u0645\u062a\u0648\u0627\u0641\u0642 \u0645\u0639 \u0623\u062d\u062c\u0627\u0645 \u0627\u0644\u0623\u0643\u0648\u0627\u0628 \u0627\u0644\u0648\u0631\u0642\u064a\u0629 \u0627\u0644\u0634\u0627\u0626\u0639\u0629<\/li>\n<li>\u0628\u062f\u064a\u0644 \u0645\u0631\u0627\u0639\u064d \u0644\u0644\u0628\u064a\u0626\u0629 \u0644\u062d\u0627\u0645\u0644\u0627\u062a \u0627\u0644\u0628\u0644\u0627\u0633\u062a\u064a\u0643<\/li>\n<li>\u0645\u062b\u0627\u0644\u064a\u0629 \u0644\u0633\u0644\u0627\u0633\u0644 \u0627\u0644\u0642\u0647\u0648\u0629\u060c \u0648\u0639\u0644\u0627\u0645\u0627\u062a \u0627\u0644\u0645\u0637\u0627\u0639\u0645 \u0627\u0644\u0633\u0631\u064a\u0639\u0629 \u0648\u0639\u0644\u0627\u0645\u0627\u062a \u0627\u0644\u062a\u0648\u0635\u064a\u0644<\/li>\n<li>\u0627\u0644\u062a\u0639\u0628\u0626\u0629 \u0628\u0627\u0644\u062c\u0645\u0644\u0629 \u0644\u062a\u062d\u0633\u064a\u0646 \u0623\u062d\u062c\u0627\u0645 \u0627\u0644\u0634\u062d\u0646<\/li>\n<li>\u062a\u0648\u0631\u064a\u062f \u0645\u062a\u0633\u0642 \u0645\u0646 \u0634\u0631\u064a\u0643 \u0627\u0644\u062a\u0635\u0646\u064a\u0639 \u0644\u0634\u0631\u0643\u0629 Papacko<\/li>\n<\/ul>\n<\/section>\n<p><!-- ===== Specifications ===== --><\/p>\n<section id=\"specs\" style=\"padding: 48px 0;\">\n<h2 style=\"color: #67b437; font-size: 28px; margin-bottom: 12px;\">\u0627\u0644\u0645\u0648\u0627\u0635\u0641\u0627\u062a<\/h2>\n<table style=\"width: 100%; border-collapse: collapse; font-size: 16px;\">\n<thead style=\"background: #e5f3e0;\">\n<tr>\n<th style=\"padding: 10px; text-align: left;\">\u0627\u0644\u0627\u0633\u0645<\/th>\n<th style=\"padding: 10px; text-align: left;\">\u0627\u0644\u0645\u0648\u0627\u0635\u0641\u0627\u062a (\u0645\u0645)<\/th>\n<th style=\"padding: 10px; text-align: left;\">\u0627\u0644\u062d\u0642\u064a\u0628\u0629<\/th>\n<th style=\"padding: 10px; text-align: left;\">\u0646.\u0648\/\u062c.\u0648. (KG)<\/th>\n<th style=\"padding: 10px; text-align: left;\">\u0645\u0648\u0643<\/th>\n<\/tr>\n<\/thead>\n<tbody>\n<tr>\n<td style=\"padding: 10px;\">\u062d\u0627\u0645\u0644 \u0643\u0631\u0627\u0641\u062a \u0648\u0627\u062d\u062f<\/td>\n<td style=\"padding: 10px;\">100 \u00d7 100 \u00d7 35<\/td>\n<td style=\"padding: 10px;\">1000<\/td>\n<td style=\"padding: 10px;\">10 \/ 10.5<\/td>\n<td style=\"padding: 10px;\">10,000<\/td>\n<\/tr>\n<tr>\n<td style=\"padding: 10px;\">\u062d\u0627\u0645\u0644 \u0643\u0631\u0627\u0641\u062a \u0645\u0632\u062f\u0648\u062c<\/td>\n<td style=\"padding: 10px;\">200 \u00d7 90 \u00d7 35<\/td>\n<td style=\"padding: 10px;\">500<\/td>\n<td style=\"padding: 10px;\">10 \/ 10.5<\/td>\n<td style=\"padding: 10px;\">10,000<\/td>\n<\/tr>\n<tr>\n<td style=\"padding: 10px;\">\u062d\u0627\u0645\u0644 \u0643\u0631\u0627\u0641\u062a \u0628\u0623\u0631\u0628\u0639\u0629 \u0623\u0643\u0648\u0627\u0628<\/td>\n<td style=\"padding: 10px;\">215 \u00d7 170 \u00d7 35<\/td>\n<td style=\"padding: 10px;\">500<\/td>\n<td style=\"padding: 10px;\">18 \/ 18.5<\/td>\n<td style=\"padding: 10px;\">10,000<\/td>\n<\/tr>\n<tr>\n<td style=\"padding: 10px;\">\u062d\u0627\u0645\u0644 \u062a\u0641\u0644 \u0642\u0635\u0628 \u0627\u0644\u0633\u0643\u0631 \u0627\u0644\u0645\u0632\u062f\u0648\u062c<\/td>\n<td style=\"padding: 10px;\">215 \u00d7 115 \u00d7 45<\/td>\n<td style=\"padding: 10px;\">600<\/td>\n<td style=\"padding: 10px;\">13 \/ 13.5<\/td>\n<td style=\"padding: 10px;\">10,000<\/td>\n<\/tr>\n<tr>\n<td style=\"padding: 10px;\">\u062d\u0627\u0645\u0644 \u0642\u0635\u0628 \u0642\u0635\u0628 \u0627\u0644\u0633\u0643\u0631 \u0630\u0648 \u0627\u0644\u0623\u0631\u0628\u0639\u0629 \u0623\u0643\u0648\u0627\u0628<\/td>\n<td style=\"padding: 10px;\">190 \u00d7 190 \u00d7 45<\/td>\n<td style=\"padding: 10px;\">300<\/td>\n<td style=\"padding: 10px;\">12 \/ 12.5<\/td>\n<td style=\"padding: 10px;\">10,000<\/td>\n<\/tr>\n<\/tbody>\n<\/table>\n<\/section>\n<p><!-- ===== Dimensions ===== --><\/p>\n<section id=\"dimension\" style=\"padding: 48px 0;\">\n<h2 style=\"color: #67b437; font-size: 28px; margin-bottom: 12px;\">\u0627\u0644\u0623\u0628\u0639\u0627\u062f<\/h2>\n<p>\u062a\u063a\u0637\u064a \u0645\u062c\u0645\u0648\u0639\u0629 \u062d\u0648\u0627\u0645\u0644 \u0627\u0644\u0623\u0643\u0648\u0627\u0628 \u0627\u0644\u0648\u0631\u0642\u064a\u0629 Papacko \u0627\u0644\u0627\u062d\u062a\u064a\u0627\u062c\u0627\u062a \u0627\u0644\u0634\u0627\u0626\u0639\u0629 \u0644\u0644\u0648\u062c\u0628\u0627\u062a \u0627\u0644\u062c\u0627\u0647\u0632\u0629 \u0645\u0646 \u0645\u062c\u0645\u0648\u0639\u0629 \u0627\u0644\u0623\u0643\u0648\u0627\u0628 \u0627\u0644\u0641\u0631\u062f\u064a\u0629 \u0625\u0644\u0649 \u0623\u0631\u0628\u0639\u0629 \u0623\u0643\u0648\u0627\u0628. \u0635\u064f\u0645\u0645\u062a \u0622\u062b\u0627\u0631 \u0627\u0644\u0623\u0642\u062f\u0627\u0645 \u0648\u0627\u0644\u0623\u0639\u0645\u0627\u0642 \u0644\u062f\u0639\u0645 \u0627\u0644\u0623\u0643\u0648\u0627\u0628 \u0627\u0644\u0648\u0631\u0642\u064a\u0629 \u0627\u0644\u0646\u0645\u0648\u0630\u062c\u064a\u0629 \u0627\u0644\u062a\u064a \u064a\u062a\u0631\u0627\u0648\u062d \u062d\u062c\u0645\u0647\u0627 \u0628\u064a\u0646 8 \u064822 \u0623\u0648\u0646\u0635\u0629 \u0648\u0645\u0646\u0639 \u0627\u0646\u0642\u0644\u0627\u0628\u0647\u0627 \u0623\u062b\u0646\u0627\u0621 \u0627\u0644\u0646\u0642\u0644.<\/p>\n<ul>\n<li>\u062d\u0627\u0645\u0644 \u0643\u0631\u0627\u0641\u062a \u0648\u0627\u062d\u062f: 100 \u00d7 100 \u00d7 100 \u00d7 35 \u0645\u0645 - \u0645\u062b\u0627\u0644\u064a \u0644\u0645\u0634\u0631\u0648\u0628 \u0648\u0627\u062d\u062f \u0643\u0628\u064a\u0631 \u0623\u0648 \u0645\u0634\u0631\u0648\u0628 \u0648\u0627\u062d\u062f \u0645\u0645\u062a\u0627\u0632.<\/li>\n<li>\u062d\u0627\u0645\u0644 \u0643\u0631\u0627\u0641\u062a \u0645\u0632\u062f\u0648\u062c: 200 \u00d7 90 \u00d7 35 \u0645\u0645 - \u062d\u0627\u0645\u0644 \u0645\u062f\u0645\u062c \u0644\u0643\u0648\u0628\u064a\u0646 \u0642\u064a\u0627\u0633\u064a\u064a\u0646.<\/li>\n<li>\u062d\u0627\u0645\u0644 \u0643\u0631\u0627\u0641\u062a \u0628\u0623\u0631\u0628\u0639\u0629 \u0623\u0643\u0648\u0627\u0628: 215 \u00d7 170 \u00d7 35 \u0645\u0645 - \u0635\u064a\u0646\u064a\u0629 \u0643\u0644\u0627\u0633\u064a\u0643\u064a\u0629 \u0644\u0640 4 \u0623\u0643\u0648\u0627\u0628 \u0642\u0647\u0648\u0629 \u0643\u0648\u0645\u0628\u0648.<\/li>\n<li>\u062d\u0627\u0645\u0644 \u0642\u0635\u0628 \u0627\u0644\u0642\u0635\u0628 \u0627\u0644\u0645\u0632\u062f\u0648\u062c: 215 \u00d7 115 \u00d7 45 \u0645\u0645 - \u062a\u062c\u0627\u0648\u064a\u0641 \u0623\u0639\u0645\u0642 \u0644\u0644\u0645\u0634\u0631\u0648\u0628\u0627\u062a \u0627\u0644\u0623\u062b\u0642\u0644.<\/li>\n<li>\u062d\u0627\u0645\u0644 \u0642\u0635\u0628 \u0627\u0644\u0642\u0635\u0628 \u0628\u0623\u0631\u0628\u0639\u0629 \u0623\u0643\u0648\u0627\u0628: 190 \u00d7 190 \u00d7 190 \u00d7 45 \u0645\u0645 - \u0635\u064a\u0646\u064a\u0629 \u0645\u0635\u0628\u0648\u0628\u0629 \u0635\u0644\u0628\u0629 \u0644\u0623\u0631\u0628\u0639\u0629 \u0645\u0634\u0631\u0648\u0628\u0627\u062a.<\/li>\n<\/ul>\n<p>\u062a\u062a\u0648\u0641\u0631 \u0635\u0648\u0631 \u0645\u0641\u0635\u0651\u0644\u0629 \u0648\u0623\u0645\u062b\u0644\u0629 \u0639\u0644\u0649 \u0645\u0644\u0627\u0621\u0645\u0629 \u0627\u0644\u0623\u0643\u0648\u0627\u0628 \u0641\u064a \u0645\u0639\u0631\u0636 \u0627\u0644\u0645\u0646\u062a\u062c\u0627\u062a.<\/p>\n<\/section>\n<p><!-- ===== Matching Lids \/ Cups ===== --><\/p>\n<section id=\"lids\" style=\"padding: 48px 0;\">\n<h2 style=\"color: #67b437; font-size: 28px; margin-bottom: 12px;\">\u0623\u0643\u0648\u0627\u0628 \u0648\u0623\u063a\u0637\u064a\u0629 \u0645\u0637\u0627\u0628\u0642\u0629<\/h2>\n<p>\u062d\u0627\u0645\u0644\u0627\u062a \u0627\u0644\u0623\u0643\u0648\u0627\u0628 \u0627\u0644\u0648\u0631\u0642\u064a\u0629 Papacko \u0645\u0635\u0645\u0645\u0629 \u0644\u0644\u0639\u0645\u0644 \u0628\u0633\u0644\u0627\u0633\u0629 \u0645\u0639 \u0645\u062c\u0645\u0648\u0639\u0629 \u0627\u0644\u0623\u0643\u0648\u0627\u0628 \u0627\u0644\u0648\u0631\u0642\u064a\u0629 \u0648\u0627\u0644\u0623\u063a\u0637\u064a\u0629 \u0627\u0644\u062e\u0627\u0635\u0629 \u0628\u0646\u0627\u060c \u0645\u0645\u0627 \u064a\u0633\u0627\u0639\u062f\u0643 \u0639\u0644\u0649 \u0628\u0646\u0627\u0621 \u062d\u0644 \u0645\u062a\u0643\u0627\u0645\u0644 \u0644\u062a\u0639\u0628\u0626\u0629 \u0648\u062a\u063a\u0644\u064a\u0641 \u0627\u0644\u0648\u062c\u0628\u0627\u062a \u0627\u0644\u062c\u0627\u0647\u0632\u0629.<\/p>\n<ul>\n<li>\u0645\u062a\u0648\u0627\u0641\u0642 \u0645\u0639 \u0623\u0643\u0648\u0627\u0628 Papacko \u0627\u0644\u0648\u0631\u0642\u064a\u0629 \u0623\u062d\u0627\u062f\u064a\u0629 \u0627\u0644\u062c\u062f\u0627\u0631 \u0648\u0645\u0632\u062f\u0648\u062c\u0629 \u0627\u0644\u062c\u062f\u0627\u0631 \u0648\u0627\u0644\u0623\u0643\u0648\u0627\u0628 \u0627\u0644\u0648\u0631\u0642\u064a\u0629 \u0630\u0627\u062a \u0627\u0644\u062c\u062f\u0627\u0631 \u0627\u0644\u0645\u062a\u0645\u0648\u062c.<\/li>\n<li>\u064a\u062f\u0639\u0645 \u0623\u0642\u0637\u0627\u0631 \u0627\u0644\u0623\u063a\u0637\u064a\u0629 \u0627\u0644\u0634\u0627\u0626\u0639\u0629 \u0627\u0644\u0645\u0633\u062a\u062e\u062f\u0645\u0629 \u0644\u0623\u0643\u0648\u0627\u0628 \u0633\u0639\u0629 8 \u0623\u0648\u0646\u0635\u0629 \u064812 \u0623\u0648\u0646\u0635\u0629 \u064816 \u0623\u0648\u0646\u0635\u0629 \u064822 \u0623\u0648\u0646\u0635\u0629.<\/li>\n<li>\u062a\u064f\u062b\u0628\u0651\u062a \u062a\u062c\u0627\u0648\u064a\u0641 \u0627\u0644\u0635\u064a\u0646\u064a\u0629 \u0627\u0644\u0623\u0643\u0648\u0627\u0628 \u0628\u0625\u062d\u0643\u0627\u0645 \u0644\u062a\u0642\u0644\u064a\u0644 \u0627\u0644\u062d\u0631\u0643\u0629 \u0623\u062b\u0646\u0627\u0621 \u0627\u0644\u0648\u0644\u0627\u062f\u0629.<\/li>\n<\/ul>\n<\/section>\n<p><!-- ===== Applications ===== --><\/p>\n<section id=\"applications\" style=\"padding: 48px 0;\">\n<h2 style=\"color: #67b437; font-size: 28px; margin-bottom: 12px;\">\u0627\u0644\u062a\u0637\u0628\u064a\u0642\u0627\u062a<\/h2>\n<h3>\u0623\u0646\u0648\u0627\u0639 \u0627\u0644\u0645\u0634\u0631\u0648\u0628\u0627\u062a<\/h3>\n<ul>\n<li>\u0627\u0644\u0642\u0647\u0648\u0629 \u0627\u0644\u0633\u0627\u062e\u0646\u0629 \u0648\u0627\u0644\u0644\u0627\u062a\u064a\u0647 \u0648\u0627\u0644\u0645\u0648\u0643\u0627 \u0648\u0627\u0644\u0625\u0633\u0628\u0631\u064a\u0633\u0648<\/li>\n<li>\u0627\u0644\u0634\u0627\u064a \u0648\u0627\u0644\u0634\u0627\u064a \u0628\u0627\u0644\u062d\u0644\u064a\u0628 \u0648\u0627\u0644\u0639\u0635\u0627\u0626\u0631 \u0648\u0627\u0644\u0645\u0634\u0631\u0648\u0628\u0627\u062a \u0627\u0644\u063a\u0627\u0632\u064a\u0629<\/li>\n<\/ul>\n<h3>\u0633\u064a\u0646\u0627\u0631\u064a\u0648\u0647\u0627\u062a \u0627\u0644\u0639\u0645\u0644<\/h3>\n<ul>\n<li>\u0633\u0644\u0627\u0633\u0644 \u0627\u0644\u0645\u0642\u0627\u0647\u064a\u060c \u0648\u0627\u0644\u0645\u0642\u0627\u0647\u064a \u0627\u0644\u0645\u062a\u062e\u0635\u0635\u0629\u060c \u0648\u0627\u0644\u0645\u062e\u0627\u0628\u0632<\/li>\n<li>\u0645\u0637\u0627\u0639\u0645 \u0627\u0644\u0648\u062c\u0628\u0627\u062a \u0627\u0644\u0633\u0631\u064a\u0639\u0629 \u0648\u0645\u062a\u0627\u062c\u0631 \u0627\u0644\u0648\u062c\u0628\u0627\u062a \u0627\u0644\u0633\u0631\u064a\u0639\u0629<\/li>\n<li>\u062a\u0648\u0635\u064a\u0644 \u0627\u0644\u0637\u0639\u0627\u0645 \u0648\u062a\u0639\u0628\u0626\u0629 \u0648\u062a\u063a\u0644\u064a\u0641 \u0627\u0644\u0648\u062c\u0628\u0627\u062a \u0627\u0644\u062c\u0627\u0647\u0632\u0629<\/li>\n<\/ul>\n<h3>\u0627\u0644\u0625\u0631\u0634\u0627\u062f\u0627\u062a \u0627\u0644\u0645\u0627\u062f\u064a\u0629<\/h3>\n<ul>\n<li>\u062d\u0627\u0645\u0644\u0627\u062a \u0648\u0631\u0642 \u0643\u0631\u0627\u0641\u062a \u0644\u062e\u062f\u0645\u0629 \u0627\u0644\u0642\u0647\u0648\u0629 \u0627\u0644\u0639\u0627\u062f\u064a\u0629 \u0648\u0627\u0644\u0627\u0633\u062a\u062e\u062f\u0627\u0645 \u0627\u0644\u064a\u0648\u0645\u064a.<\/li>\n<li>\u062d\u0627\u0645\u0644\u0627\u062a \u062a\u0641\u0644 \u0642\u0635\u0628 \u0627\u0644\u0633\u0643\u0631 \u0644\u0644\u0639\u0644\u0627\u0645\u0627\u062a \u0627\u0644\u062a\u062c\u0627\u0631\u064a\u0629 \u0627\u0644\u062a\u064a \u062a\u0631\u0643\u0632 \u0639\u0644\u0649 \u0627\u0644\u0645\u0648\u0627\u062f \u0627\u0644\u0642\u0627\u0628\u0644\u0629 \u0644\u0644\u062a\u062d\u0648\u064a\u0644 \u0625\u0644\u0649 \u0633\u0645\u0627\u062f \u0623\u0648 \u0627\u0644\u0645\u0648\u0627\u062f \u0627\u0644\u062d\u064a\u0648\u064a\u0629.<\/li>\n<\/ul>\n<h3>\u0627\u0644\u0637\u0644\u0627\u0621 \u0648\u0645\u0637\u0627\u0628\u0642\u0629 \u0627\u0644\u063a\u0637\u0627\u0621<\/h3>\n<ul>\n<li>\u0645\u0646\u0627\u0633\u0628\u0629 \u0644\u0644\u0623\u0643\u0648\u0627\u0628 \u0627\u0644\u0648\u0631\u0642\u064a\u0629 \u0627\u0644\u0645\u063a\u0644\u0641\u0629 \u0648\u063a\u064a\u0631 \u0627\u0644\u0645\u063a\u0644\u0641\u0629.<\/li>\n<li>\u064a\u0639\u0645\u0644 \u0645\u0639 \u0627\u0644\u062a\u0635\u0627\u0645\u064a\u0645 \u0627\u0644\u0645\u0633\u0637\u062d\u0629 \u0648\u0627\u0644\u0642\u0628\u0629 \u0648\u062a\u0635\u0645\u064a\u0645\u0627\u062a \u0627\u0644\u0623\u063a\u0637\u064a\u0629 \u0627\u0644\u0645\u0633\u0637\u062d\u0629 \u0648\u0627\u0644\u0642\u0628\u064a\u0629 \u0648\u0627\u0644\u063a\u0637\u0627\u0621 \u0628\u0627\u0644\u0631\u0634\u0641\u0629 \u0628\u0623\u0642\u0637\u0627\u0631 \u0634\u0627\u0626\u0639\u0629.<\/li>\n<\/ul>\n<p>\u062a\u0633\u0627\u0639\u062f \u062d\u0627\u0645\u0644\u0627\u062a \u0627\u0644\u0623\u0643\u0648\u0627\u0628 \u0627\u0644\u0648\u0631\u0642\u064a\u0629 Papacko \u0641\u0631\u064a\u0642\u0643 \u0639\u0644\u0649 \u062d\u0645\u0644 \u0645\u0634\u0631\u0648\u0628\u0627\u062a \u0645\u062a\u0639\u062f\u062f\u0629 \u0628\u0623\u0645\u0627\u0646 \u0645\u0639 \u062a\u0639\u0632\u064a\u0632 \u0635\u0648\u0631\u0629 \u0627\u0644\u0639\u0644\u0627\u0645\u0629 \u0627\u0644\u062a\u062c\u0627\u0631\u064a\u0629 \u0627\u0644\u0645\u0631\u0627\u0639\u064a\u0629 \u0644\u0644\u0628\u064a\u0626\u0629.<\/p>\n<div style=\"display: flex; justify-content: center; align-items: center; margin-top: 40px;\"><a style=\"display: flex; align-items: center; justify-content: center; height: 42px; padding: 0 26px; border: none; border-radius: 6px; color: #67b437; font-size: 16px; font-weight: 500; text-decoration: none; line-height: 1; background: transparent; transition: color 0.25s ease;\" href=\"\/ar\/packaging-accessories\/\"><br \/>\n\u2190 \u0627\u0644\u0639\u0648\u062f\u0629 \u0625\u0644\u0649 \u0645\u0644\u062d\u0642\u0627\u062a \u0627\u0644\u062a\u063a\u0644\u064a\u0641<br \/>\n<\/a><\/div>\n<\/section>\n<\/div>","protected":false},"excerpt":{"rendered":"<p data-start=\"152\" data-end=\"443\">\u0645\u0646\u0627\u0633\u0628\u0629 \u0644\u0644\u0645\u0642\u0627\u0647\u064a \u0648\u0645\u062d\u0644\u0627\u062a \u0627\u0644\u0648\u062c\u0628\u0627\u062a \u0627\u0644\u062c\u0627\u0647\u0632\u0629, <strong data-start=\"199\" data-end=\"228\">\u062d\u0627\u0645\u0644\u0627\u062a \u0627\u0644\u0623\u0643\u0648\u0627\u0628 \u0627\u0644\u0648\u0631\u0642\u064a\u0629 Papacko<\/strong> \u062a\u0648\u0641\u064a\u0631 \u062d\u0644\u0648\u0644 \u062b\u0627\u0628\u062a\u0629 \u0644\u062d\u0645\u0644 \u0627\u0644\u0645\u0634\u0631\u0648\u0628\u0627\u062a \u062a\u062a\u0633\u0639 \u0644\u0643\u0648\u0628 \u0648\u0627\u062d\u062f \u0623\u0648 \u0643\u0648\u0628\u064a\u0646 \u0623\u0648 \u0623\u0631\u0628\u0639\u0629 \u0623\u0643\u0648\u0627\u0628.<br data-start=\"296\" data-end=\"299\" \/>\u0635\u064f\u0646\u0639\u062a \u0647\u0630\u0647 \u0627\u0644\u0635\u0648\u0627\u0646\u064a \u0627\u0644\u062d\u0627\u0645\u0644\u0629 \u0644\u0644\u0623\u0643\u0648\u0627\u0628 \u0645\u0646 \u0648\u0631\u0642 \u0627\u0644\u0643\u0631\u0627\u0641\u062a \u0648\u062a\u0641\u0644 \u0642\u0635\u0628 \u0627\u0644\u0633\u0643\u0631\u060c \u0648\u0647\u064a \u0642\u0648\u064a\u0629 \u0648\u0642\u0627\u0628\u0644\u0629 \u0644\u0644\u062a\u0643\u062f\u064a\u0633 \u0648\u0635\u062f\u064a\u0642\u0629 \u0644\u0644\u0628\u064a\u0626\u0629\u060c \u0648\u0645\u062b\u0627\u0644\u064a\u0629 \u0644\u0644\u0645\u0634\u0631\u0648\u0628\u0627\u062a \u0627\u0644\u0633\u0627\u062e\u0646\u0629 \u0648\u0627\u0644\u0628\u0627\u0631\u062f\u0629.<\/p>\n<ul data-start=\"445\" data-end=\"551\">\n<li data-start=\"445\" data-end=\"490\">\n<p data-start=\"447\" data-end=\"490\">\u0627\u0644\u0623\u0646\u0648\u0627\u0639: \u062d\u0627\u0645\u0644\u0627\u062a \u0645\u0641\u0631\u062f\u0629 \/ \u0645\u0632\u062f\u0648\u062c\u0629 \/ \u0623\u0631\u0628\u0639\u0629 \u0623\u0643\u0648\u0627\u0628<\/p>\n<\/li>\n<li data-start=\"491\" data-end=\"531\">\n<p data-start=\"493\" data-end=\"531\">\u0627\u0644\u0645\u0648\u0627\u062f: \u0643\u0631\u0627\u0641\u062a \u0648\u062a\u0641\u0644 \u0642\u0635\u0628 \u0627\u0644\u0633\u0643\u0631<\/p>\n<\/li>\n<li data-start=\"532\" data-end=\"551\">\n<p data-start=\"534\" data-end=\"551\">\u0645\u0648\u0643: 10,000 \u0642\u0637\u0639\u0629<\/p>\n<\/li>\n<\/ul>","protected":false},"featured_media":1500,"template":"","meta":{"_gspb_post_css":""},"product_brand":[23],"product_cat":[26],"product_tag":[],"class_list":{"0":"post-1494","1":"product","2":"type-product","3":"status-publish","4":"has-post-thumbnail","6":"product_brand-papacko","7":"product_cat-packaging-accessories","9":"first","10":"instock","11":"shipping-taxable","12":"product-type-simple"},"_links":{"self":[{"href":"https:\/\/papacko.com\/ar\/wp-json\/wp\/v2\/product\/1494","targetHints":{"allow":["GET"]}}],"collection":[{"href":"https:\/\/papacko.com\/ar\/wp-json\/wp\/v2\/product"}],"about":[{"href":"https:\/\/papacko.com\/ar\/wp-json\/wp\/v2\/types\/product"}],"wp:featuredmedia":[{"embeddable":true,"href":"https:\/\/papacko.com\/ar\/wp-json\/wp\/v2\/media\/1500"}],"wp:attachment":[{"href":"https:\/\/papacko.com\/ar\/wp-json\/wp\/v2\/media?parent=1494"}],"wp:term":[{"taxonomy":"product_brand","embeddable":true,"href":"https:\/\/papacko.com\/ar\/wp-json\/wp\/v2\/product_brand?post=1494"},{"taxonomy":"product_cat","embeddable":true,"href":"https:\/\/papacko.com\/ar\/wp-json\/wp\/v2\/product_cat?post=1494"},{"taxonomy":"product_tag","embeddable":true,"href":"https:\/\/papacko.com\/ar\/wp-json\/wp\/v2\/product_tag?post=1494"}],"curies":[{"name":"\u062f\u0628\u0644\u064a\u0648 \u0628\u064a","href":"https:\/\/api.w.org\/{rel}","templated":true}]}}