{"id":1049,"date":"2025-11-11T06:21:24","date_gmt":"2025-11-11T06:21:24","guid":{"rendered":"https:\/\/papacko.com\/?page_id=1049"},"modified":"2025-11-11T06:21:52","modified_gmt":"2025-11-11T06:21:52","slug":"terms-of-use","status":"publish","type":"page","link":"https:\/\/papacko.com\/es\/terms-of-use\/","title":{"rendered":"Condiciones de uso de Papacko"},"content":{"rendered":"<h3 class=\"wp-block-heading\" id=\"1-acceptance-of-terms\"><strong>1. Aceptaci\u00f3n de los t\u00e9rminos<\/strong><\/h3>\n\n\n\n<p>Bienvenido a <strong>Papacko.com<\/strong>, operado por <strong>Papacko Packaging Co.<\/strong> (\u201cPapacko\u201d, \u201cnosotros\u201d, \u201cnuestro\u201d o \u201cnos\u201d).<br>Al acceder o utilizar nuestro sitio web, usted acepta cumplir y estar sujeto a estas condiciones. <strong>Condiciones de uso<\/strong>.<br>Si no est\u00e1 de acuerdo con estos t\u00e9rminos, no utilice este sitio web.<\/p>\n\n\n\n<hr class=\"wp-block-separator has-alpha-channel-opacity\"\/>\n\n\n\n<h3 class=\"wp-block-heading\" id=\"2-website-purpose\"><strong>2. Finalidad del sitio web<\/strong><\/h3>\n\n\n\n<p>Papacko.com proporciona informaci\u00f3n sobre nuestro <strong>Vasos de papel, envases para alimentos y accesorios de embalaje ecol\u00f3gicos.<\/strong>.<br>Todo el contenido est\u00e1 destinado a <strong>de empresa a empresa (B2B)<\/strong> uso informativo y promocional.<br>Los precios, las especificaciones de los productos y la disponibilidad est\u00e1n sujetos a cambios sin previo aviso.<\/p>\n\n\n\n<hr class=\"wp-block-separator has-alpha-channel-opacity\"\/>\n\n\n\n<h3 class=\"wp-block-heading\" id=\"3-intellectual-property-rights\"><strong>3. Derechos de propiedad intelectual<\/strong><\/h3>\n\n\n\n<p>Todos los materiales, incluyendo textos, im\u00e1genes, gr\u00e1ficos, logotipos y dise\u00f1os de este sitio web son propiedad intelectual de <strong>Embalaje Papacko<\/strong> o sus proveedores de contenido.<br>No se permite copiar, reproducir, modificar ni distribuir ning\u00fan contenido sin el consentimiento previo por escrito de Papacko.<\/p>\n\n\n\n<hr class=\"wp-block-separator has-alpha-channel-opacity\"\/>\n\n\n\n<h3 class=\"wp-block-heading\" id=\"4-use-of-website-content\"><strong>4. Uso del contenido del sitio web<\/strong><\/h3>\n\n\n\n<p>Puede ver, descargar e imprimir materiales de este sitio para su <strong>evaluaci\u00f3n comercial leg\u00edtima<\/strong> de los productos y servicios de Papacko \u00fanicamente.<br>No est\u00e1 permitido:<\/p>\n\n\n\n<ul class=\"wp-block-list\">\n<li>Utilizar cualquier contenido para su reventa comercial o redistribuci\u00f3n.;<\/li>\n\n\n\n<li>Utilizar nuestra marca comercial, logotipo o fotos de productos sin permiso por escrito.;<\/li>\n\n\n\n<li>Intentar obtener acceso no autorizado a nuestros sistemas o interferir con la funcionalidad del sitio.<\/li>\n<\/ul>\n\n\n\n<hr class=\"wp-block-separator has-alpha-channel-opacity\"\/>\n\n\n\n<h3 class=\"wp-block-heading\" id=\"5-product-information-accuracy\"><strong>5. Informaci\u00f3n sobre el producto y precisi\u00f3n<\/strong><\/h3>\n\n\n\n<p>Aunque nos esforzamos por garantizar la exactitud de todas las descripciones de productos, datos t\u00e9cnicos e im\u00e1genes, Papacko no garantiza que la informaci\u00f3n sea <strong>sin errores, completo o actualizado<\/strong>.<br>Las especificaciones del producto pueden variar debido a mejoras en la fabricaci\u00f3n o actualizaciones de los materiales.<br>Para confirmar los detalles, p\u00f3ngase en contacto directamente con nuestro equipo de ventas.<\/p>\n\n\n\n<hr class=\"wp-block-separator has-alpha-channel-opacity\"\/>\n\n\n\n<h3 class=\"wp-block-heading\" id=\"6-third-party-links\"><strong>6. Enlaces de terceros<\/strong><\/h3>\n\n\n\n<p>Nuestro sitio web puede incluir enlaces a sitios web de terceros por motivos de conveniencia o referencia.<br>Papacko no se hace responsable del contenido, la privacidad ni las pr\u00e1cticas de seguridad de los sitios externos.<br>Visitar esos sitios es bajo su propio riesgo.<\/p>\n\n\n\n<hr class=\"wp-block-separator has-alpha-channel-opacity\"\/>\n\n\n\n<h3 class=\"wp-block-heading\" id=\"7-privacy-data-protection\"><strong>7. Privacidad y protecci\u00f3n de datos<\/strong><\/h3>\n\n\n\n<p>El uso de este sitio web tambi\u00e9n se rige por nuestra <a>Pol\u00edtica de privacidad<\/a>, que describe c\u00f3mo recopilamos, utilizamos y protegemos los datos personales de conformidad con la legislaci\u00f3n aplicable.<\/p>\n\n\n\n<hr class=\"wp-block-separator has-alpha-channel-opacity\"\/>\n\n\n\n<h3 class=\"wp-block-heading\" id=\"8-limitation-of-liability\"><strong>8. Limitaci\u00f3n de responsabilidad<\/strong><\/h3>\n\n\n\n<p>Papacko no se hace responsable de ning\u00fan <strong>da\u00f1os directos, indirectos, incidentales o consecuentes<\/strong> derivado de:<\/p>\n\n\n\n<ul class=\"wp-block-list\">\n<li>El uso o la imposibilidad de usar el sitio web;<\/li>\n\n\n\n<li>Confianza en la informaci\u00f3n t\u00e9cnica o sobre el producto;<\/li>\n\n\n\n<li>Cualquier p\u00e9rdida de datos, interrupci\u00f3n del servicio o acceso no autorizado.<\/li>\n<\/ul>\n\n\n\n<p>El uso de este sitio web est\u00e1 <strong>bajo su propia responsabilidad<\/strong>.<\/p>\n\n\n\n<hr class=\"wp-block-separator has-alpha-channel-opacity\"\/>\n\n\n\n<h3 class=\"wp-block-heading\" id=\"9-indemnification\"><strong>9. Indemnizaci\u00f3n<\/strong><\/h3>\n\n\n\n<p>Usted acepta indemnizar y eximir de responsabilidad a <strong>Embalaje Papacko<\/strong>, sus filiales y empleados de cualquier reclamaci\u00f3n, p\u00e9rdida, da\u00f1o o responsabilidad que resulte del uso indebido de este sitio web o del incumplimiento de estas Condiciones.<\/p>\n\n\n\n<hr class=\"wp-block-separator has-alpha-channel-opacity\"\/>\n\n\n\n<h3 class=\"wp-block-heading\" id=\"10-governing-law-jurisdiction\"><strong>10. Legislaci\u00f3n aplicable y jurisdicci\u00f3n<\/strong><\/h3>\n\n\n\n<p>Estos T\u00e9rminos se rigen e interpretan de conformidad con la <strong>leyes de la Rep\u00fablica Popular China<\/strong>.<br>Cualquier controversia estar\u00e1 sujeta a la <strong>jurisdicci\u00f3n exclusiva de los tribunales de la provincia de Zhejiang, China<\/strong>.<\/p>\n\n\n\n<hr class=\"wp-block-separator has-alpha-channel-opacity\"\/>\n\n\n\n<h3 class=\"wp-block-heading\" id=\"11-modifications\"><strong>11. Modificaciones<\/strong><\/h3>\n\n\n\n<p>Papacko se reserva el derecho de actualizar, revisar o modificar estos T\u00e9rminos en cualquier momento sin previo aviso.<br>Los cambios entrar\u00e1n en vigor inmediatamente despu\u00e9s de su publicaci\u00f3n. El uso continuado del sitio web implica la aceptaci\u00f3n de los T\u00e9rminos revisados.<\/p>\n\n\n\n<hr class=\"wp-block-separator has-alpha-channel-opacity\"\/>\n\n\n\n<h3 class=\"wp-block-heading\" id=\"12-contact-information\"><strong>12. Informaci\u00f3n de contacto<\/strong><\/h3>\n\n\n\n<p>Si tiene alguna pregunta sobre estas Condiciones de uso, p\u00f3ngase en contacto con nosotros:<\/p>\n\n\n\n<p><strong>Papacko Packaging Co.<\/strong><br>\ud83d\udccd Direcci\u00f3n: Parque Industrial Longwan, ciudad de Wenzhou, provincia de Zhejiang, China.<br>\ud83d\udcde Tel\u00e9fono: +86 15057512735<br>\ud83c\udf10 Sitio web: <a>https:\/\/papacko.com<\/a><br>\ud83d\udce7 Correo electr\u00f3nico: <a>info@papacko.com<\/a><\/p>","protected":false},"excerpt":{"rendered":"<p>1. Acceptance of Terms Welcome to Papacko.com, operated by Papacko Packaging Co., Ltd. (\u201cPapacko\u201d, \u201cwe\u201d, \u201cour\u201d, or \u201cus\u201d).By accessing or using our website, you agree to comply with and be bound by these Terms of Use.If you do not agree with these terms, please do not use this website. 2. Website Purpose Papacko.com provides information [&hellip;]<\/p>\n","protected":false},"author":1,"featured_media":0,"parent":0,"menu_order":0,"comment_status":"closed","ping_status":"closed","template":"","meta":{"_gspb_post_css":"","footnotes":""},"class_list":["post-1049","page","type-page","status-publish","hentry"],"blocksy_meta":[],"_links":{"self":[{"href":"https:\/\/papacko.com\/es\/wp-json\/wp\/v2\/pages\/1049","targetHints":{"allow":["GET"]}}],"collection":[{"href":"https:\/\/papacko.com\/es\/wp-json\/wp\/v2\/pages"}],"about":[{"href":"https:\/\/papacko.com\/es\/wp-json\/wp\/v2\/types\/page"}],"author":[{"embeddable":true,"href":"https:\/\/papacko.com\/es\/wp-json\/wp\/v2\/users\/1"}],"replies":[{"embeddable":true,"href":"https:\/\/papacko.com\/es\/wp-json\/wp\/v2\/comments?post=1049"}],"version-history":[{"count":1,"href":"https:\/\/papacko.com\/es\/wp-json\/wp\/v2\/pages\/1049\/revisions"}],"predecessor-version":[{"id":1558,"href":"https:\/\/papacko.com\/es\/wp-json\/wp\/v2\/pages\/1049\/revisions\/1558"}],"wp:attachment":[{"href":"https:\/\/papacko.com\/es\/wp-json\/wp\/v2\/media?parent=1049"}],"curies":[{"name":"wp","href":"https:\/\/api.w.org\/{rel}","templated":true}]}}