{"id":1492,"date":"2025-11-10T12:41:12","date_gmt":"2025-11-10T12:41:12","guid":{"rendered":"https:\/\/papacko.com\/?post_type=product&#038;p=1492"},"modified":"2025-11-10T12:41:51","modified_gmt":"2025-11-10T12:41:51","slug":"paper-cup-sleeves","status":"publish","type":"product","link":"https:\/\/papacko.com\/es\/product\/paper-cup-sleeves\/","title":{"rendered":"Fundas para vasos de papel - Serie Papacko"},"content":{"rendered":"<div style=\"padding: 0 5vw; max-width: 1300px; margin: 0 auto; font-family: system-ui,Arial; font-size: 17px; line-height: 1.9; color: #111;\">\n<p><!-- ===== Overview ===== --><\/p>\n<section id=\"overview\" style=\"padding: 48px 0;\">\n<h1 style=\"color: #67b437; font-size: 32px; margin-bottom: 16px;\">Fundas para vasos de papel - Serie Papacko<\/h1>\n<p><strong>Fundas para vasos de papel Papacko<\/strong> ofrecen un eficaz aislamiento t\u00e9rmico y una elegante opci\u00f3n de marca para los vasos de caf\u00e9 para llevar. Fabricadas con papel kraft ondulado y blanco, estas fundas ofrecen una soluci\u00f3n sostenible y reciclable compatible con tapas para vasos de 90 mm y 98 mm. Protegen las manos del calor a la vez que presentan una est\u00e9tica limpia y profesional que mejora la experiencia del cliente.<\/p>\n<p>Dise\u00f1ado para cafeter\u00edas, cadenas de caf\u00e9 y marcas de comida para llevar que buscan accesorios duraderos y ecol\u00f3gicos para mejorar la presentaci\u00f3n de sus bebidas.<\/p>\n<\/section>\n<p><!-- ===== Key Features ===== --><\/p>\n<section id=\"features\" style=\"padding: 48px 0;\">\n<h2 style=\"color: #67b437; font-size: 28px; margin-bottom: 12px;\">Caracter\u00edsticas principales<\/h2>\n<ul style=\"columns: 2; -webkit-columns: 2; -moz-columns: 2; list-style: disc; padding-left: 24px;\">\n<li>Construcci\u00f3n ecol\u00f3gica de papel rizado y kraft<\/li>\n<li>Ajuste perfecto para tapas de vasos de 90 mm y 98 mm<\/li>\n<li>Dise\u00f1o duradero y antideslizante<\/li>\n<li>Excelente aislamiento t\u00e9rmico para bebidas calientes<\/li>\n<li>Disponible en papel kraft natural y blanco<\/li>\n<li>Opciones de impresi\u00f3n personalizadas para dar visibilidad a la marca<\/li>\n<li>Materiales totalmente reciclables y biodegradables<\/li>\n<li>Embalaje a granel para un almacenamiento y env\u00edo eficaces<\/li>\n<li>Suministro estable desde la f\u00e1brica certificada de Papacko<\/li>\n<li>Ideal para cafeter\u00edas, restaurantes y marcas de bebidas<\/li>\n<\/ul>\n<\/section>\n<p><!-- ===== Specifications ===== --><\/p>\n<section id=\"specs\" style=\"padding: 48px 0;\">\n<h2 style=\"color: #67b437; font-size: 28px; margin-bottom: 12px;\">Especificaciones<\/h2>\n<table style=\"width: 100%; border-collapse: collapse; font-size: 16px;\">\n<thead style=\"background: #e5f3e0;\">\n<tr>\n<th style=\"padding: 10px; text-align: left;\">LID (mm)<\/th>\n<th style=\"padding: 10px; text-align: left;\">Material<\/th>\n<th style=\"padding: 10px; text-align: left;\">PAQUETE<\/th>\n<th style=\"padding: 10px; text-align: left;\">N.W.\/G.W. (KG)<\/th>\n<th style=\"padding: 10px; text-align: left;\">MOQ<\/th>\n<\/tr>\n<\/thead>\n<tbody>\n<tr>\n<td style=\"padding: 10px;\">90<\/td>\n<td style=\"padding: 10px;\">Ripple<\/td>\n<td style=\"padding: 10px;\">1000<\/td>\n<td style=\"padding: 10px;\">6.5 \/ 7<\/td>\n<td style=\"padding: 10px;\">10,000<\/td>\n<\/tr>\n<tr>\n<td style=\"padding: 10px;\">98<\/td>\n<td style=\"padding: 10px;\">Ripple<\/td>\n<td style=\"padding: 10px;\">1000<\/td>\n<td style=\"padding: 10px;\">6.5 \/ 7<\/td>\n<td style=\"padding: 10px;\">10,000<\/td>\n<\/tr>\n<tr>\n<td style=\"padding: 10px;\">90<\/td>\n<td style=\"padding: 10px;\">Papel kraft blanco<\/td>\n<td style=\"padding: 10px;\">2000<\/td>\n<td style=\"padding: 10px;\">7.5 \/ 8<\/td>\n<td style=\"padding: 10px;\">10,000<\/td>\n<\/tr>\n<tr>\n<td style=\"padding: 10px;\">98<\/td>\n<td style=\"padding: 10px;\">Papel kraft blanco<\/td>\n<td style=\"padding: 10px;\">2000<\/td>\n<td style=\"padding: 10px;\">7.5 \/ 8<\/td>\n<td style=\"padding: 10px;\">10,000<\/td>\n<\/tr>\n<\/tbody>\n<\/table>\n<\/section>\n<p><!-- ===== Dimensions ===== --><\/p>\n<section id=\"dimension\" style=\"padding: 48px 0;\">\n<h2 style=\"color: #67b437; font-size: 28px; margin-bottom: 12px;\">Dimensiones<\/h2>\n<p>Disponible en tama\u00f1os de tapa de 90 mm y 98 mm para vasos de papel de pared simple y doble. Se ofrece en variantes de papel rizado y kraft, como se muestra en la galer\u00eda de productos.<\/p>\n<\/section>\n<p><!-- ===== Applications ===== --><\/p>\n<section id=\"applications\" style=\"padding: 48px 0;\">\n<h2 style=\"color: #67b437; font-size: 28px; margin-bottom: 12px;\">Aplicaciones<\/h2>\n<h3>Tipos de bebidas<\/h3>\n<ul>\n<li>Caf\u00e9 caliente, latte, cappuccino, espresso<\/li>\n<li>T\u00e9, t\u00e9 con leche y otras bebidas para llevar<\/li>\n<\/ul>\n<h3>Escenarios empresariales<\/h3>\n<ul>\n<li>Caf\u00e9s, cadenas de caf\u00e9, panader\u00edas y restaurantes<\/li>\n<li>Envasado para llevar y entregar<\/li>\n<\/ul>\n<h3>Orientaci\u00f3n material<\/h3>\n<ul>\n<li>Papel ondulado para un mejor agarre y aislamiento<\/li>\n<li>Papel kraft para un aspecto natural y facilidad de impresi\u00f3n<\/li>\n<\/ul>\n<h3>Revestimiento y tapa a juego<\/h3>\n<ul>\n<li>Compatible con tapas de 90 mm y 98 mm<\/li>\n<li>Ideal para vasos Papacko de pared simple y doble<\/li>\n<\/ul>\n<p>Perfecto para marcas sostenibles que buscan accesorios fiables, elegantes y protectores para bebidas para llevar.<\/p>\n<div style=\"display: flex; justify-content: center; align-items: center; margin-top: 40px;\"><a style=\"display: flex; align-items: center; justify-content: center; height: 42px; padding: 0 26px; border: none; border-radius: 6px; color: #67b437; font-size: 16px; font-weight: 500; text-decoration: none; line-height: 1; background: transparent; transition: color 0.25s ease;\" href=\"\/es\/packaging-accessories\/\"><br \/>\n\u2190 Volver a Accesorios de embalaje<br \/>\n<\/a><\/div>\n<\/section>\n<\/div>","protected":false},"excerpt":{"rendered":"<p data-start=\"99\" data-end=\"264\">Apto para bebidas calientes, <strong data-start=\"127\" data-end=\"156\">Fundas para vasos de papel Papacko<\/strong> est\u00e1n fabricados con papel rizado y kraft para proporcionar un c\u00f3modo aislamiento t\u00e9rmico y mejorar la visibilidad de la marca.<\/p>\n<ul data-start=\"265\" data-end=\"354\">\n<li data-start=\"265\" data-end=\"292\">\n<p data-start=\"267\" data-end=\"292\">Tama\u00f1os: Tapas 90mm \/ 98mm<\/p>\n<\/li>\n<li data-start=\"293\" data-end=\"334\">\n<p data-start=\"295\" data-end=\"334\">Materiales: Papel Kraft Blanco y Ondulado<\/p>\n<\/li>\n<li data-start=\"335\" data-end=\"354\">\n<p data-start=\"337\" data-end=\"354\">MOQ: 10.000 piezas<\/p>\n<\/li>\n<\/ul>","protected":false},"featured_media":1493,"template":"","meta":{"_gspb_post_css":""},"product_brand":[23],"product_cat":[26],"product_tag":[],"class_list":{"0":"post-1492","1":"product","2":"type-product","3":"status-publish","4":"has-post-thumbnail","6":"product_brand-papacko","7":"product_cat-packaging-accessories","9":"first","10":"instock","11":"shipping-taxable","12":"product-type-simple"},"_links":{"self":[{"href":"https:\/\/papacko.com\/es\/wp-json\/wp\/v2\/product\/1492","targetHints":{"allow":["GET"]}}],"collection":[{"href":"https:\/\/papacko.com\/es\/wp-json\/wp\/v2\/product"}],"about":[{"href":"https:\/\/papacko.com\/es\/wp-json\/wp\/v2\/types\/product"}],"wp:featuredmedia":[{"embeddable":true,"href":"https:\/\/papacko.com\/es\/wp-json\/wp\/v2\/media\/1493"}],"wp:attachment":[{"href":"https:\/\/papacko.com\/es\/wp-json\/wp\/v2\/media?parent=1492"}],"wp:term":[{"taxonomy":"product_brand","embeddable":true,"href":"https:\/\/papacko.com\/es\/wp-json\/wp\/v2\/product_brand?post=1492"},{"taxonomy":"product_cat","embeddable":true,"href":"https:\/\/papacko.com\/es\/wp-json\/wp\/v2\/product_cat?post=1492"},{"taxonomy":"product_tag","embeddable":true,"href":"https:\/\/papacko.com\/es\/wp-json\/wp\/v2\/product_tag?post=1492"}],"curies":[{"name":"wp","href":"https:\/\/api.w.org\/{rel}","templated":true}]}}