{"id":1049,"date":"2025-11-11T06:21:24","date_gmt":"2025-11-11T06:21:24","guid":{"rendered":"https:\/\/papacko.com\/?page_id=1049"},"modified":"2025-11-11T06:21:52","modified_gmt":"2025-11-11T06:21:52","slug":"terms-of-use","status":"publish","type":"page","link":"https:\/\/papacko.com\/fr\/terms-of-use\/","title":{"rendered":"Conditions d'utilisation de Papacko"},"content":{"rendered":"<h3 class=\"wp-block-heading\" id=\"1-acceptance-of-terms\"><strong>1. Acceptation des conditions g\u00e9n\u00e9rales<\/strong><\/h3>\n\n\n\n<p>Bienvenue \u00e0 <strong>Papacko.com<\/strong>, exploit\u00e9 par <strong>Papacko Packaging Co.<\/strong> (\u201c Papacko \u201d, \u201c nous \u201d, \u201c notre \u201d ou \u201c nos \u201d).<br>En acc\u00e9dant \u00e0 notre site Web ou en l'utilisant, vous acceptez de vous conformer \u00e0 ces conditions et d'\u00eatre li\u00e9 par celles-ci. <strong>Conditions d'utilisation<\/strong>.<br>Si vous n'acceptez pas ces conditions, veuillez ne pas utiliser ce site Web.<\/p>\n\n\n\n<hr class=\"wp-block-separator has-alpha-channel-opacity\"\/>\n\n\n\n<h3 class=\"wp-block-heading\" id=\"2-website-purpose\"><strong>2. Objectif du site web<\/strong><\/h3>\n\n\n\n<p>Papacko.com fournit des informations sur notre <strong>gobelets en papier, r\u00e9cipients alimentaires et accessoires d'emballage \u00e9cologiques<\/strong>.<br>Tout le contenu est destin\u00e9 \u00e0 <strong>entreprise \u00e0 entreprise (B2B)<\/strong> \u00e0 des fins d'information et de promotion.<br>Les prix, les sp\u00e9cifications des produits et leur disponibilit\u00e9 peuvent \u00eatre modifi\u00e9s sans pr\u00e9avis.<\/p>\n\n\n\n<hr class=\"wp-block-separator has-alpha-channel-opacity\"\/>\n\n\n\n<h3 class=\"wp-block-heading\" id=\"3-intellectual-property-rights\"><strong>3. Droits de propri\u00e9t\u00e9 intellectuelle<\/strong><\/h3>\n\n\n\n<p>Tous les \u00e9l\u00e9ments, y compris les textes, images, graphiques, logos et mises en page figurant sur ce site web sont la propri\u00e9t\u00e9 intellectuelle de <strong>Papacko Emballage<\/strong> ou ses fournisseurs de contenu.<br>Vous ne pouvez copier, reproduire, modifier ou distribuer aucun contenu sans l'accord \u00e9crit pr\u00e9alable de Papacko.<\/p>\n\n\n\n<hr class=\"wp-block-separator has-alpha-channel-opacity\"\/>\n\n\n\n<h3 class=\"wp-block-heading\" id=\"4-use-of-website-content\"><strong>4. Utilisation du contenu du site Web<\/strong><\/h3>\n\n\n\n<p>Vous pouvez consulter, t\u00e9l\u00e9charger et imprimer les documents de ce site pour votre usage personnel. <strong>\u00e9valuation commerciale l\u00e9gitime<\/strong> des produits et services Papacko uniquement.<br>Vous ne pouvez pas :<\/p>\n\n\n\n<ul class=\"wp-block-list\">\n<li>Utiliser tout contenu \u00e0 des fins de revente commerciale ou de redistribution ;<\/li>\n\n\n\n<li>Utiliser notre marque, notre logo ou les photos de nos produits sans autorisation \u00e9crite ;<\/li>\n\n\n\n<li>Tenter d'obtenir un acc\u00e8s non autoris\u00e9 \u00e0 nos syst\u00e8mes ou d'interf\u00e9rer avec le fonctionnement du site.<\/li>\n<\/ul>\n\n\n\n<hr class=\"wp-block-separator has-alpha-channel-opacity\"\/>\n\n\n\n<h3 class=\"wp-block-heading\" id=\"5-product-information-accuracy\"><strong>5. Informations sur les produits et exactitude<\/strong><\/h3>\n\n\n\n<p>Bien que nous nous efforcions d'assurer l'exactitude de toutes les descriptions de produits, donn\u00e9es techniques et illustrations, Papacko ne garantit pas que ces informations sont <strong>sans erreur, complet ou \u00e0 jour<\/strong>.<br>Les sp\u00e9cifications du produit peuvent varier en raison d'am\u00e9liorations apport\u00e9es \u00e0 la fabrication ou de mises \u00e0 jour des mat\u00e9riaux.<br>Pour confirmer les d\u00e9tails, veuillez contacter directement notre \u00e9quipe commerciale.<\/p>\n\n\n\n<hr class=\"wp-block-separator has-alpha-channel-opacity\"\/>\n\n\n\n<h3 class=\"wp-block-heading\" id=\"6-third-party-links\"><strong>6. Liens vers des sites tiers<\/strong><\/h3>\n\n\n\n<p>Notre site Web peut inclure des liens vers des sites Web tiers \u00e0 des fins pratiques ou de r\u00e9f\u00e9rence.<br>Papacko n'est pas responsable du contenu, de la confidentialit\u00e9 ou des pratiques de s\u00e9curit\u00e9 des sites externes.<br>La visite de ces sites se fait \u00e0 vos propres risques.<\/p>\n\n\n\n<hr class=\"wp-block-separator has-alpha-channel-opacity\"\/>\n\n\n\n<h3 class=\"wp-block-heading\" id=\"7-privacy-data-protection\"><strong>7. Confidentialit\u00e9 et protection des donn\u00e9es<\/strong><\/h3>\n\n\n\n<p>Votre utilisation de ce site Web est \u00e9galement r\u00e9gie par notre <a>Politique de confidentialit\u00e9<\/a>, qui d\u00e9crit comment nous collectons, utilisons et prot\u00e9geons les donn\u00e9es personnelles conform\u00e9ment aux lois applicables.<\/p>\n\n\n\n<hr class=\"wp-block-separator has-alpha-channel-opacity\"\/>\n\n\n\n<h3 class=\"wp-block-heading\" id=\"8-limitation-of-liability\"><strong>8. Limitation de responsabilit\u00e9<\/strong><\/h3>\n\n\n\n<p>Papacko n'est pas responsable de tout <strong>dommages directs, indirects, accessoires ou cons\u00e9cutifs<\/strong> d\u00e9coulant de :<\/p>\n\n\n\n<ul class=\"wp-block-list\">\n<li>Utilisation ou incapacit\u00e9 \u00e0 utiliser le site web ;<\/li>\n\n\n\n<li>Confiance dans les informations techniques ou relatives aux produits ;<\/li>\n\n\n\n<li>Toute perte de donn\u00e9es, interruption de service ou acc\u00e8s non autoris\u00e9.<\/li>\n<\/ul>\n\n\n\n<p>L'utilisation de ce site web est <strong>\u00e0 vos propres risques<\/strong>.<\/p>\n\n\n\n<hr class=\"wp-block-separator has-alpha-channel-opacity\"\/>\n\n\n\n<h3 class=\"wp-block-heading\" id=\"9-indemnification\"><strong>9. Indemnisation<\/strong><\/h3>\n\n\n\n<p>Vous acceptez d'indemniser et de d\u00e9gager de toute responsabilit\u00e9 <strong>Papacko Emballage<\/strong>, ses soci\u00e9t\u00e9s affili\u00e9es et ses employ\u00e9s contre toute r\u00e9clamation, perte, dommage ou responsabilit\u00e9 r\u00e9sultant de votre utilisation abusive de ce site Web ou de votre violation des pr\u00e9sentes Conditions.<\/p>\n\n\n\n<hr class=\"wp-block-separator has-alpha-channel-opacity\"\/>\n\n\n\n<h3 class=\"wp-block-heading\" id=\"10-governing-law-jurisdiction\"><strong>10. Loi applicable et juridiction comp\u00e9tente<\/strong><\/h3>\n\n\n\n<p>Les pr\u00e9sentes Conditions sont r\u00e9gies et interpr\u00e9t\u00e9es conform\u00e9ment \u00e0 la <strong>lois de la R\u00e9publique populaire de Chine<\/strong>.<br>Tout litige sera soumis \u00e0 la <strong>comp\u00e9tence exclusive des tribunaux de la province du Zhejiang, en Chine<\/strong>.<\/p>\n\n\n\n<hr class=\"wp-block-separator has-alpha-channel-opacity\"\/>\n\n\n\n<h3 class=\"wp-block-heading\" id=\"11-modifications\"><strong>11. Modifications<\/strong><\/h3>\n\n\n\n<p>Papacko se r\u00e9serve le droit de mettre \u00e0 jour, r\u00e9viser ou modifier les pr\u00e9sentes Conditions \u00e0 tout moment sans pr\u00e9avis.<br>Les modifications entreront en vigueur d\u00e8s leur publication. En continuant \u00e0 utiliser le site, vous acceptez les conditions r\u00e9vis\u00e9es.<\/p>\n\n\n\n<hr class=\"wp-block-separator has-alpha-channel-opacity\"\/>\n\n\n\n<h3 class=\"wp-block-heading\" id=\"12-contact-information\"><strong>12. Coordonn\u00e9es<\/strong><\/h3>\n\n\n\n<p>Si vous avez des questions concernant les pr\u00e9sentes conditions d'utilisation, veuillez nous contacter :<\/p>\n\n\n\n<p><strong>Papacko Packaging Co.<\/strong><br>\ud83d\udccd Adresse : Parc industriel de Longwan, ville de Wenzhou, province du Zhejiang, Chine<br>\ud83d\udcde T\u00e9l. : +86 15057512735<br>\ud83c\udf10 Site web : <a>https:\/\/papacko.com<\/a><br>\ud83d\udce7 E-mail : <a>info@papacko.com<\/a><\/p>","protected":false},"excerpt":{"rendered":"<p>1. Acceptance of Terms Welcome to Papacko.com, operated by Papacko Packaging Co., Ltd. (\u201cPapacko\u201d, \u201cwe\u201d, \u201cour\u201d, or \u201cus\u201d).By accessing or using our website, you agree to comply with and be bound by these Terms of Use.If you do not agree with these terms, please do not use this website. 2. Website Purpose Papacko.com provides information [&hellip;]<\/p>\n","protected":false},"author":1,"featured_media":0,"parent":0,"menu_order":0,"comment_status":"closed","ping_status":"closed","template":"","meta":{"_gspb_post_css":"","footnotes":""},"class_list":["post-1049","page","type-page","status-publish","hentry"],"blocksy_meta":[],"_links":{"self":[{"href":"https:\/\/papacko.com\/fr\/wp-json\/wp\/v2\/pages\/1049","targetHints":{"allow":["GET"]}}],"collection":[{"href":"https:\/\/papacko.com\/fr\/wp-json\/wp\/v2\/pages"}],"about":[{"href":"https:\/\/papacko.com\/fr\/wp-json\/wp\/v2\/types\/page"}],"author":[{"embeddable":true,"href":"https:\/\/papacko.com\/fr\/wp-json\/wp\/v2\/users\/1"}],"replies":[{"embeddable":true,"href":"https:\/\/papacko.com\/fr\/wp-json\/wp\/v2\/comments?post=1049"}],"version-history":[{"count":1,"href":"https:\/\/papacko.com\/fr\/wp-json\/wp\/v2\/pages\/1049\/revisions"}],"predecessor-version":[{"id":1558,"href":"https:\/\/papacko.com\/fr\/wp-json\/wp\/v2\/pages\/1049\/revisions\/1558"}],"wp:attachment":[{"href":"https:\/\/papacko.com\/fr\/wp-json\/wp\/v2\/media?parent=1049"}],"curies":[{"name":"wp","href":"https:\/\/api.w.org\/{rel}","templated":true}]}}